{"id":68,"date":"2025-05-24T22:30:50","date_gmt":"2025-05-24T20:30:50","guid":{"rendered":"http:\/\/45.85.219.69\/?page_id=68"},"modified":"2025-12-12T23:08:24","modified_gmt":"2025-12-12T22:08:24","slug":"standort","status":"publish","type":"page","link":"https:\/\/lernspezi.de\/index.php\/standort\/","title":{"rendered":"Standort"},"content":{"rendered":"\n<style>\n  .location-section {\n    font-family: 'Inter', sans-serif;\n    max-width: 900px;\n    margin: 0 auto;\n    padding: 2rem;\n    background: #f7f7ff;\n    border-radius: 1rem;\n    box-shadow: 0 2px 8px rgba(0,0,0,0.05);\n  }\n  .location-section h2 {\n    color: #5c27a6;\n    font-size: 2rem;\n    margin-bottom: 1rem;\n  }\n  .location-section p {\n    font-size: 1.1rem;\n    margin-bottom: 1.2rem;\n  }\n  .image-container {\n    text-align: center;\n    margin: 1.5rem 0;\n  }\n  .image-container img {\n    max-width: 100%;\n    border-radius: 1rem;\n    box-shadow: 0 2px 6px rgba(0,0,0,0.1);\n  }\n  .map-container {\n    border-radius: 1rem;\n    overflow: hidden;\n    margin-top: 1.5rem;\n    box-shadow: 0 2px 6px rgba(0,0,0,0.1);\n  }\n  iframe {\n    width: 100%;\n    height: 400px;\n    border: none;\n  }\n<\/style>\n\n<div class=\"location-section\">\n  <h2>Unser Standort in Oschersleben<\/h2>\n  <p>Sie finden uns zentral in Oschersleben, direkt am Anfang der Fu\u00dfg\u00e4ngerzone in der Halberst\u00e4dter Stra\u00dfe:<\/p>\n  <p><strong>Lernspezi Nachhilfe<\/strong><br>\n  Halberst\u00e4dter Stra\u00dfe 94<br>\n  39387 Oschersleben<br>\n  Tel: <a href=\"tel:+4915510153701\">+49 155 10153701<\/a><br>\n  E-Mail: <a href=\"mailto:info@lernspezi.de\">info@lernspezi.de<\/a><\/p>\n\n  <p>Der Bahnhof Oschersleben sowie Parkm\u00f6glichkeiten befinden sich in unmittelbarer N\u00e4he. Wir freuen uns auf Ihren Besuch!<\/p>\n  <div class=\"map-container\">\n    <iframe \n  src=\"https:\/\/www.google.com\/maps?q=Lernspezi+Nachhilfe+Oschersleben&#038;output=embed\"\n  loading=\"lazy\"\n  referrerpolicy=\"no-referrer-when-downgrade\">\n<\/iframe>\n  <\/div>\n\n<\/div>\n\n\n\n<figure class=\"wp-block-image size-large\"><img loading=\"lazy\" decoding=\"async\" width=\"1024\" height=\"685\" src=\"http:\/\/lernspezi.de\/wp-content\/uploads\/2025\/08\/IMG_6589-1024x685.jpeg\" alt=\"\" class=\"wp-image-555\" srcset=\"https:\/\/lernspezi.de\/wp-content\/uploads\/2025\/08\/IMG_6589-1024x685.jpeg 1024w, https:\/\/lernspezi.de\/wp-content\/uploads\/2025\/08\/IMG_6589-300x201.jpeg 300w, https:\/\/lernspezi.de\/wp-content\/uploads\/2025\/08\/IMG_6589-768x513.jpeg 768w, https:\/\/lernspezi.de\/wp-content\/uploads\/2025\/08\/IMG_6589-1536x1027.jpeg 1536w, https:\/\/lernspezi.de\/wp-content\/uploads\/2025\/08\/IMG_6589-2048x1369.jpeg 2048w\" sizes=\"auto, (max-width: 1024px) 100vw, 1024px\" \/><\/figure>\n\n\n\n<figure class=\"wp-block-gallery has-nested-images columns-default is-cropped wp-block-gallery-1 is-layout-flex wp-block-gallery-is-layout-flex\">\n<figure class=\"wp-block-image size-large\"><img decoding=\"async\" data-id=\"566\" src=\"https:\/\/lernspezi.de\/wp-content\/uploads\/2025\/09\/IMG_6618.heic\" alt=\"\" class=\"wp-image-566\"\/><\/figure>\n\n\n\n<figure class=\"wp-block-image size-large\"><img loading=\"lazy\" decoding=\"async\" width=\"5712\" height=\"4284\" data-id=\"527\" src=\"https:\/\/lernspezi.de\/wp-content\/uploads\/2025\/08\/IMG_6459.jpeg\" alt=\"\" class=\"wp-image-527\"\/><\/figure>\n\n\n\n<figure class=\"wp-block-image size-large\"><img decoding=\"async\" data-id=\"567\" src=\"https:\/\/lernspezi.de\/wp-content\/uploads\/2025\/09\/IMG_6619.heic\" alt=\"\" class=\"wp-image-567\"\/><\/figure>\n\n\n\n<figure class=\"wp-block-image size-large\"><img loading=\"lazy\" decoding=\"async\" width=\"5712\" height=\"4284\" data-id=\"528\" src=\"https:\/\/lernspezi.de\/wp-content\/uploads\/2025\/08\/IMG_6460.jpeg\" alt=\"\" class=\"wp-image-528\"\/><\/figure>\n\n\n\n<figure class=\"wp-block-image size-large\"><img loading=\"lazy\" decoding=\"async\" width=\"4032\" height=\"3024\" data-id=\"530\" src=\"https:\/\/lernspezi.de\/wp-content\/uploads\/2025\/08\/IMG_6462.jpeg\" alt=\"\" class=\"wp-image-530\"\/><\/figure>\n<\/figure>\n\n\n\n<p><\/p>\n","protected":false},"excerpt":{"rendered":"<p>Unser Standort in Oschersleben Sie finden uns zentral in Oschersleben, direkt am Anfang der Fu\u00dfg\u00e4ngerzone in der Halberst\u00e4dter Stra\u00dfe: Lernspezi [&hellip;]<\/p>\n","protected":false},"author":1,"featured_media":0,"parent":0,"menu_order":0,"comment_status":"closed","ping_status":"closed","template":"","meta":{"_uag_custom_page_level_css":"","site-sidebar-layout":"default","site-content-layout":"","ast-site-content-layout":"","site-content-style":"default","site-sidebar-style":"default","ast-global-header-display":"","ast-banner-title-visibility":"","ast-main-header-display":"","ast-hfb-above-header-display":"","ast-hfb-below-header-display":"","ast-hfb-mobile-header-display":"","site-post-title":"disabled","ast-breadcrumbs-content":"","ast-featured-img":"","footer-sml-layout":"","ast-disable-related-posts":"","theme-transparent-header-meta":"","adv-header-id-meta":"","stick-header-meta":"","header-above-stick-meta":"","header-main-stick-meta":"","header-below-stick-meta":"","astra-migrate-meta-layouts":"default","ast-page-background-enabled":"default","ast-page-background-meta":{"desktop":{"background-color":"var(--ast-global-color-5)","background-image":"","background-repeat":"repeat","background-position":"center center","background-size":"auto","background-attachment":"scroll","background-type":"","background-media":"","overlay-type":"","overlay-color":"","overlay-opacity":"","overlay-gradient":""},"tablet":{"background-color":"","background-image":"","background-repeat":"repeat","background-position":"center center","background-size":"auto","background-attachment":"scroll","background-type":"","background-media":"","overlay-type":"","overlay-color":"","overlay-opacity":"","overlay-gradient":""},"mobile":{"background-color":"","background-image":"","background-repeat":"repeat","background-position":"center center","background-size":"auto","background-attachment":"scroll","background-type":"","background-media":"","overlay-type":"","overlay-color":"","overlay-opacity":"","overlay-gradient":""}},"ast-content-background-meta":{"desktop":{"background-color":"var(--ast-global-color-4)","background-image":"","background-repeat":"repeat","background-position":"center center","background-size":"auto","background-attachment":"scroll","background-type":"","background-media":"","overlay-type":"","overlay-color":"","overlay-opacity":"","overlay-gradient":""},"tablet":{"background-color":"var(--ast-global-color-4)","background-image":"","background-repeat":"repeat","background-position":"center center","background-size":"auto","background-attachment":"scroll","background-type":"","background-media":"","overlay-type":"","overlay-color":"","overlay-opacity":"","overlay-gradient":""},"mobile":{"background-color":"var(--ast-global-color-4)","background-image":"","background-repeat":"repeat","background-position":"center center","background-size":"auto","background-attachment":"scroll","background-type":"","background-media":"","overlay-type":"","overlay-color":"","overlay-opacity":"","overlay-gradient":""}},"footnotes":""},"class_list":["post-68","page","type-page","status-publish","hentry"],"uagb_featured_image_src":{"full":false,"thumbnail":false,"medium":false,"medium_large":false,"large":false,"1536x1536":false,"2048x2048":false},"uagb_author_info":{"display_name":"Jannis","author_link":"https:\/\/lernspezi.de\/author\/jannis\/"},"uagb_comment_info":0,"uagb_excerpt":"Unser Standort in Oschersleben Sie finden uns zentral in Oschersleben, direkt am Anfang der Fu\u00dfg\u00e4ngerzone in der Halberst\u00e4dter Stra\u00dfe: Lernspezi [&hellip;]","_links":{"self":[{"href":"https:\/\/lernspezi.de\/index.php\/wp-json\/wp\/v2\/pages\/68","targetHints":{"allow":["GET"]}}],"collection":[{"href":"https:\/\/lernspezi.de\/index.php\/wp-json\/wp\/v2\/pages"}],"about":[{"href":"https:\/\/lernspezi.de\/index.php\/wp-json\/wp\/v2\/types\/page"}],"author":[{"embeddable":true,"href":"https:\/\/lernspezi.de\/index.php\/wp-json\/wp\/v2\/users\/1"}],"replies":[{"embeddable":true,"href":"https:\/\/lernspezi.de\/index.php\/wp-json\/wp\/v2\/comments?post=68"}],"version-history":[{"count":22,"href":"https:\/\/lernspezi.de\/index.php\/wp-json\/wp\/v2\/pages\/68\/revisions"}],"predecessor-version":[{"id":609,"href":"https:\/\/lernspezi.de\/index.php\/wp-json\/wp\/v2\/pages\/68\/revisions\/609"}],"wp:attachment":[{"href":"https:\/\/lernspezi.de\/index.php\/wp-json\/wp\/v2\/media?parent=68"}],"curies":[{"name":"wp","href":"https:\/\/api.w.org\/{rel}","templated":true}]}}