{"id":78,"date":"2025-05-25T23:20:48","date_gmt":"2025-05-25T21:20:48","guid":{"rendered":"http:\/\/45.85.219.69\/?page_id=78"},"modified":"2025-06-18T23:29:57","modified_gmt":"2025-06-18T21:29:57","slug":"impressum","status":"publish","type":"page","link":"https:\/\/lernspezi.de\/index.php\/impressum\/","title":{"rendered":"Impressum"},"content":{"rendered":"\n<h2>Impressum<\/h2>\n\n<h3>Angaben gem\u00e4\u00df \u00a7 5 TMG<\/h3>\n<p>\nLernspezi \u2013 Nachhilfe Oschersleben<br>\nHalberst\u00e4dter Stra\u00dfe 94<br>\n39387 Oschersleben<br>\nDeutschland\n<\/p>\n\n<h3>Kontakt<\/h3>\n<p>\nTelefon: +49 155 10153701<br>\nE-Mail: <a href=\"mailto:info@lernspezi.de\">info@lernspezi.de<\/a><br>\nWebsite: <a href=\"https:\/\/www.lernspezi.de\" target=\"_blank\">www.lernspezi.de<\/a>\n<\/p>\n\n<h3>Verantwortlich f\u00fcr den Inhalt nach \u00a7 55 Abs. 2 RStV<\/h3>\n<p>\nJannis Pr\u00fcfer<br>\nHalberst\u00e4dter Stra\u00dfe 94<br>\n39387 Oschersleben\n<\/p>\n\n<h3>Haftungsausschluss<\/h3>\n<p>\nTrotz sorgf\u00e4ltiger inhaltlicher Kontrolle \u00fcbernehmen wir keine Haftung f\u00fcr die Inhalte externer Links. F\u00fcr den Inhalt verlinkter Seiten sind ausschlie\u00dflich deren Betreiber verantwortlich.\n<\/p>\n\n<h3>Urheberrecht<\/h3>\n<p>\nDie durch die Seitenbetreiber erstellten Inhalte und Werke auf dieser Website unterliegen dem deutschen Urheberrecht. Beitr\u00e4ge Dritter sind als solche gekennzeichnet.\n<\/p>\n","protected":false},"excerpt":{"rendered":"<p>Impressum Angaben gem\u00e4\u00df \u00a7 5 TMG Lernspezi \u2013 Nachhilfe Oschersleben Halberst\u00e4dter Stra\u00dfe 94 39387 Oschersleben Deutschland Kontakt Telefon: +49 155 [&hellip;]<\/p>\n","protected":false},"author":1,"featured_media":0,"parent":0,"menu_order":0,"comment_status":"closed","ping_status":"closed","template":"","meta":{"_uag_custom_page_level_css":"","site-sidebar-layout":"default","site-content-layout":"","ast-site-content-layout":"default","site-content-style":"default","site-sidebar-style":"default","ast-global-header-display":"","ast-banner-title-visibility":"","ast-main-header-display":"","ast-hfb-above-header-display":"","ast-hfb-below-header-display":"","ast-hfb-mobile-header-display":"","site-post-title":"","ast-breadcrumbs-content":"","ast-featured-img":"","footer-sml-layout":"","ast-disable-related-posts":"","theme-transparent-header-meta":"","adv-header-id-meta":"","stick-header-meta":"","header-above-stick-meta":"","header-main-stick-meta":"","header-below-stick-meta":"","astra-migrate-meta-layouts":"default","ast-page-background-enabled":"default","ast-page-background-meta":{"desktop":{"background-color":"var(--ast-global-color-5)","background-image":"","background-repeat":"repeat","background-position":"center center","background-size":"auto","background-attachment":"scroll","background-type":"","background-media":"","overlay-type":"","overlay-color":"","overlay-opacity":"","overlay-gradient":""},"tablet":{"background-color":"","background-image":"","background-repeat":"repeat","background-position":"center center","background-size":"auto","background-attachment":"scroll","background-type":"","background-media":"","overlay-type":"","overlay-color":"","overlay-opacity":"","overlay-gradient":""},"mobile":{"background-color":"","background-image":"","background-repeat":"repeat","background-position":"center center","background-size":"auto","background-attachment":"scroll","background-type":"","background-media":"","overlay-type":"","overlay-color":"","overlay-opacity":"","overlay-gradient":""}},"ast-content-background-meta":{"desktop":{"background-color":"var(--ast-global-color-4)","background-image":"","background-repeat":"repeat","background-position":"center center","background-size":"auto","background-attachment":"scroll","background-type":"","background-media":"","overlay-type":"","overlay-color":"","overlay-opacity":"","overlay-gradient":""},"tablet":{"background-color":"var(--ast-global-color-4)","background-image":"","background-repeat":"repeat","background-position":"center center","background-size":"auto","background-attachment":"scroll","background-type":"","background-media":"","overlay-type":"","overlay-color":"","overlay-opacity":"","overlay-gradient":""},"mobile":{"background-color":"var(--ast-global-color-4)","background-image":"","background-repeat":"repeat","background-position":"center center","background-size":"auto","background-attachment":"scroll","background-type":"","background-media":"","overlay-type":"","overlay-color":"","overlay-opacity":"","overlay-gradient":""}},"footnotes":""},"class_list":["post-78","page","type-page","status-publish","hentry"],"uagb_featured_image_src":{"full":false,"thumbnail":false,"medium":false,"medium_large":false,"large":false,"1536x1536":false,"2048x2048":false},"uagb_author_info":{"display_name":"Jannis","author_link":"https:\/\/lernspezi.de\/author\/jannis\/"},"uagb_comment_info":0,"uagb_excerpt":"Impressum Angaben gem\u00e4\u00df \u00a7 5 TMG Lernspezi \u2013 Nachhilfe Oschersleben Halberst\u00e4dter Stra\u00dfe 94 39387 Oschersleben Deutschland Kontakt Telefon: +49 155 [&hellip;]","_links":{"self":[{"href":"https:\/\/lernspezi.de\/index.php\/wp-json\/wp\/v2\/pages\/78","targetHints":{"allow":["GET"]}}],"collection":[{"href":"https:\/\/lernspezi.de\/index.php\/wp-json\/wp\/v2\/pages"}],"about":[{"href":"https:\/\/lernspezi.de\/index.php\/wp-json\/wp\/v2\/types\/page"}],"author":[{"embeddable":true,"href":"https:\/\/lernspezi.de\/index.php\/wp-json\/wp\/v2\/users\/1"}],"replies":[{"embeddable":true,"href":"https:\/\/lernspezi.de\/index.php\/wp-json\/wp\/v2\/comments?post=78"}],"version-history":[{"count":3,"href":"https:\/\/lernspezi.de\/index.php\/wp-json\/wp\/v2\/pages\/78\/revisions"}],"predecessor-version":[{"id":468,"href":"https:\/\/lernspezi.de\/index.php\/wp-json\/wp\/v2\/pages\/78\/revisions\/468"}],"wp:attachment":[{"href":"https:\/\/lernspezi.de\/index.php\/wp-json\/wp\/v2\/media?parent=78"}],"curies":[{"name":"wp","href":"https:\/\/api.w.org\/{rel}","templated":true}]}}